{"id":572,"date":"2022-06-13T10:22:05","date_gmt":"2022-06-13T07:22:05","guid":{"rendered":"https:\/\/gaasihind.ee\/?page_id=572"},"modified":"2024-03-25T13:48:27","modified_gmt":"2024-03-25T11:48:27","slug":"juurdepaasetavus","status":"publish","type":"page","link":"https:\/\/gaasihind.ee\/ru\/juurdepaasetavus\/","title":{"rendered":"Juurdep\u00e4\u00e4setavus"},"content":{"rendered":"\n<p>Lehe loomisel on peetud silmas, et siin avaldatav info oleks k\u00e4ttesaadav ja kasutatav v\u00f5imalikult paljudele inimestele.<\/p>\n\n\n\n<h3 class=\"wp-block-heading\">Teksti suurus<\/h3>\n\n\n<button type=\"button\" class=\"a11y-toggle a11y-toggle-fontsize toggle-fontsize\" data-id=\"is_normal_fontsize\" aria-pressed=\"false\"><span class=\"aticon aticon-font\" aria-hidden=\"true\"><\/span>Muuda teksti suurust<\/button>\n\n\n\n<p>K\u00f5ikides populaarsetes veebilehitsejates on v\u00f5imalik lehte suurendada ja v\u00e4hendada, kui hoida all Ctrl-klahvi (OS X operatsioonis\u00fcsteemis Cmd-klahvi) ja samal ajal vajutada kas &#8220;+&#8221;- v\u00f5i &#8220;-&#8220;-klahvi. Teine mugav v\u00f5imalus on kasutada hiirt: hoides all Ctrl-klahvi ja samal ajal liigutades hiire kerimisrulli. Tagasi normaalsuurusesse saab, kui vajutada samaaegselt Ctrl- ja 0-klahvile.<\/p>\n\n\n\n<h3 class=\"wp-block-heading\">Kontrast<\/h3>\n\n\n<button type=\"button\" class=\"a11y-toggle a11y-toggle-contrast toggle-contrast\" data-id=\"is_normal_contrast\" aria-pressed=\"false\"><span class=\"aticon aticon-adjust\" aria-hidden=\"true\"><\/span>Muuda kontrastust<\/button>\n","protected":false},"excerpt":{"rendered":"<p>Lehe loomisel on peetud silmas, et siin avaldatav info oleks k\u00e4ttesaadav ja kasutatav v\u00f5imalikult paljudele inimestele. Teksti suurus K\u00f5ikides populaarsetes veebilehitsejates on v\u00f5imalik lehte suurendada ja v\u00e4hendada, kui hoida all Ctrl-klahvi (OS X operatsioonis\u00fcsteemis Cmd-klahvi) ja samal ajal vajutada kas &#8220;+&#8221;- v\u00f5i &#8220;-&#8220;-klahvi. Teine mugav v\u00f5imalus on kasutada hiirt: hoides all Ctrl-klahvi ja samal ajal&#8230; <a class=\"moretag\" href=\"https:\/\/gaasihind.ee\/ru\/juurdepaasetavus\/\">Loe edasi &raquo;<\/a><\/p>\n","protected":false},"author":1,"featured_media":0,"parent":0,"menu_order":0,"comment_status":"closed","ping_status":"closed","template":"","meta":{"footnotes":""},"class_list":["post-572","page","type-page","status-publish","hentry"],"translation":{"provider":"WPGlobus","version":"3.0.2","language":"ru","enabled_languages":["et","ru"],"languages":{"et":{"title":true,"content":true,"excerpt":false},"ru":{"title":false,"content":false,"excerpt":false}}},"yoast_head":"<!-- This site is optimized with the Yoast SEO plugin v27.6 - https:\/\/yoast.com\/product\/yoast-seo-wordpress\/ -->\n<title>Juurdep\u00e4\u00e4setavus - Gaasihind.ee - \u0421\u0440\u0430\u0432\u043d\u0438\u0442\u0435 \u0446\u0435\u043d\u044b \u043d\u0430 \u0433\u0430\u0437 \u0437\u0434\u0435\u0441\u044c<\/title>\n<meta name=\"robots\" content=\"index, follow, max-snippet:-1, max-image-preview:large, max-video-preview:-1\" \/>\n<link rel=\"canonical\" href=\"https:\/\/gaasihind.ee\/juurdepaasetavus\/\" \/>\n<meta property=\"og:locale\" content=\"ru_RU\" \/>\n<meta property=\"og:type\" content=\"article\" \/>\n<meta property=\"og:title\" content=\"Juurdep\u00e4\u00e4setavus - Gaasihind.ee - \u0421\u0440\u0430\u0432\u043d\u0438\u0442\u0435 \u0446\u0435\u043d\u044b \u043d\u0430 \u0433\u0430\u0437 \u0437\u0434\u0435\u0441\u044c\" \/>\n<meta property=\"og:url\" content=\"https:\/\/gaasihind.ee\/juurdepaasetavus\/\" \/>\n<meta property=\"og:site_name\" content=\"Gaasihind.ee - \u0421\u0440\u0430\u0432\u043d\u0438\u0442\u0435 \u0446\u0435\u043d\u044b \u043d\u0430 \u0433\u0430\u0437 \u0437\u0434\u0435\u0441\u044c\" \/>\n<meta property=\"article:modified_time\" content=\"2024-03-25T11:48:27+00:00\" \/>\n<meta name=\"twitter:card\" content=\"summary_large_image\" \/>\n<meta name=\"twitter:label1\" content=\"Est. reading time\" \/>\n\t<meta name=\"twitter:data1\" content=\"1 minute\" \/>\n<script type=\"application\/ld+json\" class=\"yoast-schema-graph\">{\"@context\":\"https:\\\/\\\/schema.org\",\"@graph\":[{\"@type\":\"WebPage\",\"@id\":\"https:\\\/\\\/gaasihind.ee\\\/juurdepaasetavus\\\/\",\"url\":\"https:\\\/\\\/gaasihind.ee\\\/juurdepaasetavus\\\/\",\"name\":\"Juurdep\u00e4\u00e4setavus - Gaasihind.ee - \u0421\u0440\u0430\u0432\u043d\u0438\u0442\u0435 \u0446\u0435\u043d\u044b \u043d\u0430 \u0433\u0430\u0437 \u0437\u0434\u0435\u0441\u044c\",\"isPartOf\":{\"@id\":\"https:\\\/\\\/gaasihind.ee\\\/#website\"},\"datePublished\":\"2022-06-13T07:22:05+00:00\",\"dateModified\":\"2024-03-25T11:48:27+00:00\",\"description\":\"Juhised, kuidas muuta gaasipakettide v\u00f5rdlusel teksti suurust ja kontrastust.\",\"breadcrumb\":{\"@id\":\"https:\\\/\\\/gaasihind.ee\\\/juurdepaasetavus\\\/#breadcrumb\"},\"inLanguage\":\"ru-RU\",\"potentialAction\":[{\"@type\":\"ReadAction\",\"target\":[\"https:\\\/\\\/gaasihind.ee\\\/juurdepaasetavus\\\/\"]}]},{\"@type\":\"BreadcrumbList\",\"@id\":\"https:\\\/\\\/gaasihind.ee\\\/juurdepaasetavus\\\/#breadcrumb\",\"itemListElement\":[{\"@type\":\"ListItem\",\"position\":1,\"name\":\"Home\",\"item\":\"https:\\\/\\\/gaasihind.ee\\\/\"},{\"@type\":\"ListItem\",\"position\":2,\"name\":\"Juurdep\u00e4\u00e4setavus\"}]},{\"@type\":\"WebSite\",\"@id\":\"https:\\\/\\\/gaasihind.ee\\\/#website\",\"url\":\"https:\\\/\\\/gaasihind.ee\\\/\",\"name\":\"Gaasihind.ee - \u0421\u0440\u0430\u0432\u043d\u0438\u0442\u0435 \u0446\u0435\u043d\u044b \u043d\u0430 \u0433\u0430\u0437 \u0437\u0434\u0435\u0441\u044c\",\"description\":\"\u0421\u0440\u0430\u0432\u043d\u0438\u0442\u0435 \u0446\u0435\u043d\u044b \u043d\u0430 \u0433\u0430\u0437 \u0437\u0434\u0435\u0441\u044c.\",\"potentialAction\":[{\"@type\":\"SearchAction\",\"target\":{\"@type\":\"EntryPoint\",\"urlTemplate\":\"https:\\\/\\\/gaasihind.ee\\\/?s={search_term_string}\"},\"query-input\":{\"@type\":\"PropertyValueSpecification\",\"valueRequired\":true,\"valueName\":\"search_term_string\"}}],\"inLanguage\":\"ru-RU\"}]}<\/script>\n<!-- \/ Yoast SEO plugin. -->","yoast_head_json":{"title":"Juurdep\u00e4\u00e4setavus - Gaasihind.ee - \u0421\u0440\u0430\u0432\u043d\u0438\u0442\u0435 \u0446\u0435\u043d\u044b \u043d\u0430 \u0433\u0430\u0437 \u0437\u0434\u0435\u0441\u044c","robots":{"index":"index","follow":"follow","max-snippet":"max-snippet:-1","max-image-preview":"max-image-preview:large","max-video-preview":"max-video-preview:-1"},"canonical":"https:\/\/gaasihind.ee\/juurdepaasetavus\/","og_locale":"ru_RU","og_type":"article","og_title":"Juurdep\u00e4\u00e4setavus - Gaasihind.ee - \u0421\u0440\u0430\u0432\u043d\u0438\u0442\u0435 \u0446\u0435\u043d\u044b \u043d\u0430 \u0433\u0430\u0437 \u0437\u0434\u0435\u0441\u044c","og_url":"https:\/\/gaasihind.ee\/juurdepaasetavus\/","og_site_name":"Gaasihind.ee - \u0421\u0440\u0430\u0432\u043d\u0438\u0442\u0435 \u0446\u0435\u043d\u044b \u043d\u0430 \u0433\u0430\u0437 \u0437\u0434\u0435\u0441\u044c","article_modified_time":"2024-03-25T11:48:27+00:00","twitter_card":"summary_large_image","twitter_misc":{"Est. reading time":"1 minute"},"schema":{"@context":"https:\/\/schema.org","@graph":[{"@type":"WebPage","@id":"https:\/\/gaasihind.ee\/juurdepaasetavus\/","url":"https:\/\/gaasihind.ee\/juurdepaasetavus\/","name":"Juurdep\u00e4\u00e4setavus - Gaasihind.ee - \u0421\u0440\u0430\u0432\u043d\u0438\u0442\u0435 \u0446\u0435\u043d\u044b \u043d\u0430 \u0433\u0430\u0437 \u0437\u0434\u0435\u0441\u044c","isPartOf":{"@id":"https:\/\/gaasihind.ee\/#website"},"datePublished":"2022-06-13T07:22:05+00:00","dateModified":"2024-03-25T11:48:27+00:00","description":"Juhised, kuidas muuta gaasipakettide v\u00f5rdlusel teksti suurust ja kontrastust.","breadcrumb":{"@id":"https:\/\/gaasihind.ee\/juurdepaasetavus\/#breadcrumb"},"inLanguage":"ru-RU","potentialAction":[{"@type":"ReadAction","target":["https:\/\/gaasihind.ee\/juurdepaasetavus\/"]}]},{"@type":"BreadcrumbList","@id":"https:\/\/gaasihind.ee\/juurdepaasetavus\/#breadcrumb","itemListElement":[{"@type":"ListItem","position":1,"name":"Home","item":"https:\/\/gaasihind.ee\/"},{"@type":"ListItem","position":2,"name":"Juurdep\u00e4\u00e4setavus"}]},{"@type":"WebSite","@id":"https:\/\/gaasihind.ee\/#website","url":"https:\/\/gaasihind.ee\/","name":"Gaasihind.ee - \u0421\u0440\u0430\u0432\u043d\u0438\u0442\u0435 \u0446\u0435\u043d\u044b \u043d\u0430 \u0433\u0430\u0437 \u0437\u0434\u0435\u0441\u044c","description":"\u0421\u0440\u0430\u0432\u043d\u0438\u0442\u0435 \u0446\u0435\u043d\u044b \u043d\u0430 \u0433\u0430\u0437 \u0437\u0434\u0435\u0441\u044c.","potentialAction":[{"@type":"SearchAction","target":{"@type":"EntryPoint","urlTemplate":"https:\/\/gaasihind.ee\/?s={search_term_string}"},"query-input":{"@type":"PropertyValueSpecification","valueRequired":true,"valueName":"search_term_string"}}],"inLanguage":"ru-RU"}]}},"_links":{"self":[{"href":"https:\/\/gaasihind.ee\/ru\/wp-json\/wp\/v2\/pages\/572","targetHints":{"allow":["GET"]}}],"collection":[{"href":"https:\/\/gaasihind.ee\/ru\/wp-json\/wp\/v2\/pages"}],"about":[{"href":"https:\/\/gaasihind.ee\/ru\/wp-json\/wp\/v2\/types\/page"}],"author":[{"embeddable":true,"href":"https:\/\/gaasihind.ee\/ru\/wp-json\/wp\/v2\/users\/1"}],"replies":[{"embeddable":true,"href":"https:\/\/gaasihind.ee\/ru\/wp-json\/wp\/v2\/comments?post=572"}],"version-history":[{"count":1,"href":"https:\/\/gaasihind.ee\/ru\/wp-json\/wp\/v2\/pages\/572\/revisions"}],"predecessor-version":[{"id":574,"href":"https:\/\/gaasihind.ee\/ru\/wp-json\/wp\/v2\/pages\/572\/revisions\/574"}],"wp:attachment":[{"href":"https:\/\/gaasihind.ee\/ru\/wp-json\/wp\/v2\/media?parent=572"}],"curies":[{"name":"wp","href":"https:\/\/api.w.org\/{rel}","templated":true}]}}