{"id":47,"date":"2015-08-05T18:13:42","date_gmt":"2015-08-05T15:13:42","guid":{"rendered":"http:\/\/test.elektrihind.ee\/?page_id=47"},"modified":"2024-03-25T14:32:27","modified_gmt":"2024-03-25T12:32:27","slug":"meist","status":"publish","type":"page","link":"https:\/\/gaasihind.ee\/ru\/meist\/","title":{"rendered":"\u041e \u043d\u0430\u0441"},"content":{"rendered":"<h1>\u041e \u043d\u0430\u0441<\/h1>\n<p>Gaasihind.ee \u043f\u0440\u0435\u0434\u043b\u0430\u0433\u0430\u0435\u0442 \u0412\u0430\u043c \u043e\u0431\u044a\u0435\u043a\u0442\u0438\u0432\u043d\u043e\u0435 \u0438 \u043d\u0435\u0437\u0430\u0432\u0438\u0441\u0438\u043c\u043e\u0435 \u0441\u0440\u0430\u0432\u043d\u0435\u043d\u0438\u0435 \u0446\u0435\u043d \u0443 \u043f\u0440\u043e\u0434\u0430\u0432\u0446\u043e\u0432, \u0434\u0435\u0439\u0441\u0442\u0432\u0443\u044e\u0449\u0438\u0445 \u043d\u0430 \u043e\u0442\u043a\u0440\u044b\u0442\u043e\u043c \u0440\u044b\u043d\u043a\u0435 \u0433\u0430\u0437\u0430. \u041d\u0430 \u043e\u0441\u043d\u043e\u0432\u0435 \u043e\u0431\u0437\u043e\u0440\u043d\u043e\u0439 \u0438\u043d\u0444\u043e\u0440\u043c\u0430\u0446\u0438\u0438 \u0412\u044b \u043c\u043e\u0436\u0435\u0442\u0435 \u0432\u044b\u0431\u0440\u0430\u0442\u044c \u043d\u0430\u0438\u0431\u043e\u043b\u0435\u0435 \u043f\u043e\u0434\u0445\u043e\u0434\u044f\u0449\u0435\u0433\u043e \u043f\u0440\u043e\u0434\u0430\u0432\u0446\u0430 \u0433\u0430\u0437\u0430.<\/p>\n<p>\u041d\u0430\u0448\u0430 \u0446\u0435\u043b\u044c \u0441\u043e\u0441\u0442\u043e\u0438\u0442 \u0432 \u0442\u043e\u043c, \u0447\u0442\u043e\u0431\u044b \u0432\u043d\u0435\u0441\u0442\u0438 \u043f\u0440\u043e\u0437\u0440\u0430\u0447\u043d\u043e\u0441\u0442\u044c \u0432 \u043e\u0442\u043a\u0440\u044b\u0442\u044b\u0439 \u0440\u044b\u043d\u043e\u043a \u0433\u0430\u0437\u0430 \u0438 \u043e\u0431\u0435\u0441\u043f\u0435\u0447\u0438\u0442\u044c \u0412\u0430\u043c \u043f\u0440\u043e\u0441\u0442\u043e\u0439 \u0438 \u0443\u0434\u043e\u0431\u043d\u044b\u0439 \u0441\u043f\u043e\u0441\u043e\u0431 \u043d\u0430\u0439\u0442\u0438 \u043b\u0443\u0447\u0448\u0435\u0435 \u043f\u0440\u0435\u0434\u043b\u043e\u0436\u0435\u043d\u0438\u0435 \u0431\u0435\u0437 \u043b\u0438\u0448\u043d\u0438\u0445 \u0437\u0430\u0442\u0440\u0430\u0442 \u0432\u0440\u0435\u043c\u0435\u043d\u0438. \u041a\u0440\u043e\u043c\u0435 \u0441\u0440\u0430\u0432\u043d\u0435\u043d\u0438\u044f \u0446\u0435\u043d \u043d\u0430 \u0433\u0430\u0437 \u0432\u0430\u0436\u043d\u043e \u043f\u043e\u043d\u044f\u0442\u044c \u0441\u0443\u0449\u0435\u0441\u0442\u0432\u0435\u043d\u043d\u044b\u0435 \u0440\u0430\u0437\u043b\u0438\u0447\u0438\u044f \u043f\u0440\u0435\u0434\u043b\u0430\u0433\u0430\u0435\u043c\u044b\u0445 \u043f\u0440\u043e\u0434\u0430\u0432\u0446\u0430\u043c\u0438 \u043f\u0430\u043a\u0435\u0442\u043e\u0432.<\/p>\n<p>\u041f\u043e\u043b\u044c\u0437\u043e\u0432\u0430\u043d\u0438\u0435 \u043f\u043e\u0440\u0442\u0430\u043b\u043e\u043c \u0441\u043e\u0432\u0435\u0440\u0448\u0435\u043d\u043d\u043e \u0431\u0435\u0441\u043f\u043b\u0430\u0442\u043d\u043e\u0435. \u0421\u0435\u0433\u043e\u0434\u043d\u044f \u043c\u043e\u0436\u043d\u043e \u0441\u0440\u0430\u0432\u043d\u0438\u0442\u044c \u043f\u0440\u0435\u0434\u043b\u043e\u0436\u0435\u043d\u0438\u044f Eesti Gaas, Eesti Energia, Alexela Energia, 220 Energia, Gaasienergia, Adven Eesti ja Energate.<\/p>\n<p>\u0417\u0430\u0447\u0435\u043c \u043d\u0443\u0436\u0435\u043d \u043f\u043e\u0440\u0442\u0430\u043b Gaasihind.ee?<\/p>\n<ul>\n<li><strong>\u041c\u044b \u0438\u0441\u0445\u043e\u0434\u0438\u043c \u0438\u0437 \u0412\u0430\u0448\u0438\u0445 \u0438\u043d\u0442\u0435\u0440\u0435\u0441\u043e\u0432.<\/strong> \u041c\u044b \u044f\u0432\u043b\u044f\u0435\u043c\u0441\u044f \u043d\u0435\u0437\u0430\u0432\u0438\u0441\u0438\u043c\u044b\u043c \u043f\u043e\u043c\u043e\u0449\u043d\u0438\u043a\u043e\u043c \u043f\u0440\u0438 \u0432\u044b\u0431\u043e\u0440\u0435 \u0441\u0430\u043c\u043e\u0433\u043e \u043f\u043e\u0434\u0445\u043e\u0434\u044f\u0449\u0435\u0433\u043e \u043f\u0440\u043e\u0434\u0430\u0432\u0446\u0430 \u0433\u0430\u0437\u0430.<\/li>\n<li><strong>\u042d\u043a\u043e\u043d\u043e\u043c\u0438\u044f \u0432\u0440\u0435\u043c\u0435\u043d\u0438.<\/strong> \u0421\u0440\u0430\u0432\u043d\u0435\u043d\u0438\u0435 \u0446\u0435\u043d \u0438 \u043f\u0430\u043a\u0435\u0442\u043e\u0432 \u043d\u0435\u0441\u043a\u043e\u043b\u044c\u043a\u0438\u0445 \u043f\u0440\u043e\u0434\u0430\u0432\u0446\u043e\u0432 \u0433\u0430\u0437\u0430 \u0432 \u043e\u0434\u043d\u043e\u043c \u043c\u0435\u0441\u0442\u0435.<\/li>\n<li><strong>\u0412\u0430\u0448\u0430 \u0443\u0434\u043e\u0432\u043b\u0435\u0442\u0432\u043e\u0440\u0435\u043d\u043d\u043e\u0441\u0442\u044c.<\/strong> \u0411\u043b\u0430\u0433\u043e\u0434\u0430\u0440\u044f \u0441\u0440\u0430\u0432\u043d\u0435\u043d\u0438\u044e \u0443\u0441\u043b\u043e\u0432\u0438\u0439 \u0438 \u0446\u0435\u043d \u043f\u0430\u043a\u0435\u0442\u043e\u0432 \u0412\u044b \u043c\u043e\u0436\u0435\u0442\u0435 \u0431\u044b\u0442\u044c \u0443\u0432\u0435\u0440\u0435\u043d\u044b, \u0447\u0442\u043e \u0441\u0434\u0435\u043b\u0430\u0435\u0442\u0435 \u043f\u0440\u0430\u0432\u0438\u043b\u044c\u043d\u044b\u0439 \u0432\u044b\u0431\u043e\u0440.<\/li>\n<\/ul>\n<p>\u041a\u0440\u043e\u043c\u0435 \u0441\u0440\u0430\u0432\u043d\u0435\u043d\u0438\u044f \u043f\u0430\u043a\u0435\u0442\u043e\u0432 \u0446\u0435\u043b\u044c Gaasihind.ee \u0441\u043e\u0441\u0442\u043e\u0438\u0442 \u0442\u0430\u043a\u0436\u0435 \u0432 \u0442\u043e\u043c, \u0447\u0442\u043e\u0431\u044b \u043f\u043e\u043c\u043e\u0447\u044c \u0441\u0442\u0430\u0440\u044b\u043c \u0438 \u043d\u043e\u0432\u044b\u043c \u043f\u0440\u043e\u0434\u0430\u0432\u0446\u0430\u043c \u0433\u0430\u0437\u0430 \u043d\u0430\u0439\u0442\u0438 \u043a\u043b\u0438\u0435\u043d\u0442\u043e\u0432, \u043e\u0441\u0442\u0430\u0432\u0430\u044f\u0441\u044c \u043f\u0440\u0438 \u044d\u0442\u043e\u043c \u043d\u0435\u0437\u0430\u0432\u0438\u0441\u0438\u043c\u044b\u043c\u0438 \u0438 \u043f\u0440\u043e\u0437\u0440\u0430\u0447\u043d\u044b\u043c\u0438.<\/p>\n<p>\u041f\u043e\u0440\u0442\u0430\u043b Gaasihind.ee \u0430\u0434\u043c\u0438\u043d\u0438\u0441\u0442\u0440\u0438\u0440\u0443\u0435\u0442 Go O\u00dc, \u043f\u043e\u0440\u0442\u0430\u043b \u043e\u0442\u043a\u0440\u044b\u043b\u0441\u044f \u043e\u043a\u0442\u044f\u0431\u0440\u044f 2016 \u0433.<\/p>\n<p>\u041f\u0430\u0440\u0442\u043d\u0435\u0440\u044b:<\/p>\n<p><a href=\"http:\/\/www.elektrihind.ee\/\" target=\"_blank\" rel=\"noopener\"><img loading=\"lazy\" decoding=\"async\" class=\"alignnone wp-image-48\" src=\"http:\/\/elektrihind.ee\/assets\/logo_text_big.png\" alt=\"elektrihind-logo\" height=\"52\" width=\"196\"\/><\/p>\n<p><a href=\"http:\/\/www.energiatalgud.ee\/\" target=\"_blank\" rel=\"noopener\"><img loading=\"lazy\" decoding=\"async\" class=\"alignnone wp-image-48\" src=\"http:\/\/elektrihind.ee\/wp-content\/uploads\/2015\/08\/energiatarlgudp-logo.png\" alt=\"energiatarlgudp-logo\" width=\"135\" height=\"27\" \/><\/a><\/p>\n<p>Go O\u00dc<br \/>\nReg nr 16055598<\/p>\n<p>\u041f\u0438\u0448\u0438\u0442\u0435 \u043d\u0430\u043c \u043d\u0430 \u0430\u0434\u0440\u0435\u0441\u00a0<a href=\"mailto:kiri@elektrihind.ee\">kiri@elektrihind.ee<\/a>.<\/p>\n","protected":false},"excerpt":{"rendered":"<p>\u041e \u043d\u0430\u0441 Gaasihind.ee \u043f\u0440\u0435\u0434\u043b\u0430\u0433\u0430\u0435\u0442 \u0412\u0430\u043c \u043e\u0431\u044a\u0435\u043a\u0442\u0438\u0432\u043d\u043e\u0435 \u0438 \u043d\u0435\u0437\u0430\u0432\u0438\u0441\u0438\u043c\u043e\u0435 \u0441\u0440\u0430\u0432\u043d\u0435\u043d\u0438\u0435 \u0446\u0435\u043d \u0443 \u043f\u0440\u043e\u0434\u0430\u0432\u0446\u043e\u0432, \u0434\u0435\u0439\u0441\u0442\u0432\u0443\u044e\u0449\u0438\u0445 \u043d\u0430 \u043e\u0442\u043a\u0440\u044b\u0442\u043e\u043c \u0440\u044b\u043d\u043a\u0435 \u0433\u0430\u0437\u0430. \u041d\u0430 \u043e\u0441\u043d\u043e\u0432\u0435 \u043e\u0431\u0437\u043e\u0440\u043d\u043e\u0439 \u0438\u043d\u0444\u043e\u0440\u043c\u0430\u0446\u0438\u0438 \u0412\u044b \u043c\u043e\u0436\u0435\u0442\u0435 \u0432\u044b\u0431\u0440\u0430\u0442\u044c \u043d\u0430\u0438\u0431\u043e\u043b\u0435\u0435 \u043f\u043e\u0434\u0445\u043e\u0434\u044f\u0449\u0435\u0433\u043e \u043f\u0440\u043e\u0434\u0430\u0432\u0446\u0430 \u0433\u0430\u0437\u0430. \u041d\u0430\u0448\u0430 \u0446\u0435\u043b\u044c \u0441\u043e\u0441\u0442\u043e\u0438\u0442 \u0432 \u0442\u043e\u043c, \u0447\u0442\u043e\u0431\u044b \u0432\u043d\u0435\u0441\u0442\u0438 \u043f\u0440\u043e\u0437\u0440\u0430\u0447\u043d\u043e\u0441\u0442\u044c \u0432 \u043e\u0442\u043a\u0440\u044b\u0442\u044b\u0439 \u0440\u044b\u043d\u043e\u043a \u0433\u0430\u0437\u0430 \u0438 \u043e\u0431\u0435\u0441\u043f\u0435\u0447\u0438\u0442\u044c \u0412\u0430\u043c \u043f\u0440\u043e\u0441\u0442\u043e\u0439 \u0438 \u0443\u0434\u043e\u0431\u043d\u044b\u0439 \u0441\u043f\u043e\u0441\u043e\u0431 \u043d\u0430\u0439\u0442\u0438 \u043b\u0443\u0447\u0448\u0435\u0435 \u043f\u0440\u0435\u0434\u043b\u043e\u0436\u0435\u043d\u0438\u0435 \u0431\u0435\u0437 \u043b\u0438\u0448\u043d\u0438\u0445 \u0437\u0430\u0442\u0440\u0430\u0442 \u0432\u0440\u0435\u043c\u0435\u043d\u0438. \u041a\u0440\u043e\u043c\u0435&#8230; <a class=\"moretag\" href=\"https:\/\/gaasihind.ee\/ru\/meist\/\">Loe edasi &raquo;<\/a><\/p>\n","protected":false},"author":1,"featured_media":0,"parent":0,"menu_order":0,"comment_status":"open","ping_status":"open","template":"","meta":{"footnotes":""},"class_list":["post-47","page","type-page","status-publish","hentry"],"translation":{"provider":"WPGlobus","version":"3.0.2","language":"ru","enabled_languages":["et","ru"],"languages":{"et":{"title":true,"content":true,"excerpt":false},"ru":{"title":true,"content":true,"excerpt":false}}},"yoast_head":"<!-- This site is optimized with the Yoast SEO plugin v27.5 - https:\/\/yoast.com\/product\/yoast-seo-wordpress\/ -->\n<title>\u041e \u043d\u0430\u0441 - Gaasihind.ee - \u0421\u0440\u0430\u0432\u043d\u0438\u0442\u0435 \u0446\u0435\u043d\u044b \u043d\u0430 \u0433\u0430\u0437 \u0437\u0434\u0435\u0441\u044c<\/title>\n<meta name=\"robots\" content=\"index, follow, max-snippet:-1, max-image-preview:large, max-video-preview:-1\" \/>\n<link rel=\"canonical\" href=\"https:\/\/gaasihind.ee\/meist\/\" \/>\n<meta property=\"og:locale\" content=\"ru_RU\" \/>\n<meta property=\"og:type\" content=\"article\" \/>\n<meta property=\"og:title\" content=\"\u041e \u043d\u0430\u0441 - Gaasihind.ee - \u0421\u0440\u0430\u0432\u043d\u0438\u0442\u0435 \u0446\u0435\u043d\u044b \u043d\u0430 \u0433\u0430\u0437 \u0437\u0434\u0435\u0441\u044c\" \/>\n<meta property=\"og:url\" content=\"https:\/\/gaasihind.ee\/meist\/\" \/>\n<meta property=\"og:site_name\" content=\"Gaasihind.ee - \u0421\u0440\u0430\u0432\u043d\u0438\u0442\u0435 \u0446\u0435\u043d\u044b \u043d\u0430 \u0433\u0430\u0437 \u0437\u0434\u0435\u0441\u044c\" \/>\n<meta property=\"article:modified_time\" content=\"2024-03-25T12:32:27+00:00\" \/>\n<meta property=\"og:image\" content=\"http:\/\/elektrihind.ee\/assets\/logo_text_big.png\" \/>\n<meta name=\"twitter:card\" content=\"summary_large_image\" \/>\n<meta name=\"twitter:label1\" content=\"Est. reading time\" \/>\n\t<meta name=\"twitter:data1\" content=\"3 minutes\" \/>\n<script type=\"application\/ld+json\" class=\"yoast-schema-graph\">{\"@context\":\"https:\\\/\\\/schema.org\",\"@graph\":[{\"@type\":\"WebPage\",\"@id\":\"https:\\\/\\\/gaasihind.ee\\\/meist\\\/\",\"url\":\"https:\\\/\\\/gaasihind.ee\\\/meist\\\/\",\"name\":\"\u041e \u043d\u0430\u0441 - Gaasihind.ee - \u0421\u0440\u0430\u0432\u043d\u0438\u0442\u0435 \u0446\u0435\u043d\u044b \u043d\u0430 \u0433\u0430\u0437 \u0437\u0434\u0435\u0441\u044c\",\"isPartOf\":{\"@id\":\"https:\\\/\\\/gaasihind.ee\\\/#website\"},\"primaryImageOfPage\":{\"@id\":\"https:\\\/\\\/gaasihind.ee\\\/meist\\\/#primaryimage\"},\"image\":{\"@id\":\"https:\\\/\\\/gaasihind.ee\\\/meist\\\/#primaryimage\"},\"thumbnailUrl\":\"http:\\\/\\\/elektrihind.ee\\\/assets\\\/logo_text_big.png\",\"datePublished\":\"2015-08-05T15:13:42+00:00\",\"dateModified\":\"2024-03-25T12:32:27+00:00\",\"description\":\"Gaasihind.ee pakub Sulle erapooletut ja s\u00f5ltumatut v\u00f5rdlust maagaasi turul tegutsevate gaasim\u00fc\u00fcjate vahel.\",\"breadcrumb\":{\"@id\":\"https:\\\/\\\/gaasihind.ee\\\/meist\\\/#breadcrumb\"},\"inLanguage\":\"ru-RU\",\"potentialAction\":[{\"@type\":\"ReadAction\",\"target\":[\"https:\\\/\\\/gaasihind.ee\\\/meist\\\/\"]}]},{\"@type\":\"ImageObject\",\"inLanguage\":\"ru-RU\",\"@id\":\"https:\\\/\\\/gaasihind.ee\\\/meist\\\/#primaryimage\",\"url\":\"http:\\\/\\\/elektrihind.ee\\\/assets\\\/logo_text_big.png\",\"contentUrl\":\"http:\\\/\\\/elektrihind.ee\\\/assets\\\/logo_text_big.png\"},{\"@type\":\"BreadcrumbList\",\"@id\":\"https:\\\/\\\/gaasihind.ee\\\/meist\\\/#breadcrumb\",\"itemListElement\":[{\"@type\":\"ListItem\",\"position\":1,\"name\":\"Home\",\"item\":\"https:\\\/\\\/gaasihind.ee\\\/\"},{\"@type\":\"ListItem\",\"position\":2,\"name\":\"Meist\"}]},{\"@type\":\"WebSite\",\"@id\":\"https:\\\/\\\/gaasihind.ee\\\/#website\",\"url\":\"https:\\\/\\\/gaasihind.ee\\\/\",\"name\":\"Gaasihind.ee - \u0421\u0440\u0430\u0432\u043d\u0438\u0442\u0435 \u0446\u0435\u043d\u044b \u043d\u0430 \u0433\u0430\u0437 \u0437\u0434\u0435\u0441\u044c\",\"description\":\"\u0421\u0440\u0430\u0432\u043d\u0438\u0442\u0435 \u0446\u0435\u043d\u044b \u043d\u0430 \u0433\u0430\u0437 \u0437\u0434\u0435\u0441\u044c.\",\"potentialAction\":[{\"@type\":\"SearchAction\",\"target\":{\"@type\":\"EntryPoint\",\"urlTemplate\":\"https:\\\/\\\/gaasihind.ee\\\/?s={search_term_string}\"},\"query-input\":{\"@type\":\"PropertyValueSpecification\",\"valueRequired\":true,\"valueName\":\"search_term_string\"}}],\"inLanguage\":\"ru-RU\"}]}<\/script>\n<!-- \/ Yoast SEO plugin. -->","yoast_head_json":{"title":"\u041e \u043d\u0430\u0441 - Gaasihind.ee - \u0421\u0440\u0430\u0432\u043d\u0438\u0442\u0435 \u0446\u0435\u043d\u044b \u043d\u0430 \u0433\u0430\u0437 \u0437\u0434\u0435\u0441\u044c","robots":{"index":"index","follow":"follow","max-snippet":"max-snippet:-1","max-image-preview":"max-image-preview:large","max-video-preview":"max-video-preview:-1"},"canonical":"https:\/\/gaasihind.ee\/meist\/","og_locale":"ru_RU","og_type":"article","og_title":"\u041e \u043d\u0430\u0441 - Gaasihind.ee - \u0421\u0440\u0430\u0432\u043d\u0438\u0442\u0435 \u0446\u0435\u043d\u044b \u043d\u0430 \u0433\u0430\u0437 \u0437\u0434\u0435\u0441\u044c","og_url":"https:\/\/gaasihind.ee\/meist\/","og_site_name":"Gaasihind.ee - \u0421\u0440\u0430\u0432\u043d\u0438\u0442\u0435 \u0446\u0435\u043d\u044b \u043d\u0430 \u0433\u0430\u0437 \u0437\u0434\u0435\u0441\u044c","article_modified_time":"2024-03-25T12:32:27+00:00","og_image":[{"url":"http:\/\/elektrihind.ee\/assets\/logo_text_big.png","type":"","width":"","height":""}],"twitter_card":"summary_large_image","twitter_misc":{"Est. reading time":"3 minutes"},"schema":{"@context":"https:\/\/schema.org","@graph":[{"@type":"WebPage","@id":"https:\/\/gaasihind.ee\/meist\/","url":"https:\/\/gaasihind.ee\/meist\/","name":"\u041e \u043d\u0430\u0441 - Gaasihind.ee - \u0421\u0440\u0430\u0432\u043d\u0438\u0442\u0435 \u0446\u0435\u043d\u044b \u043d\u0430 \u0433\u0430\u0437 \u0437\u0434\u0435\u0441\u044c","isPartOf":{"@id":"https:\/\/gaasihind.ee\/#website"},"primaryImageOfPage":{"@id":"https:\/\/gaasihind.ee\/meist\/#primaryimage"},"image":{"@id":"https:\/\/gaasihind.ee\/meist\/#primaryimage"},"thumbnailUrl":"http:\/\/elektrihind.ee\/assets\/logo_text_big.png","datePublished":"2015-08-05T15:13:42+00:00","dateModified":"2024-03-25T12:32:27+00:00","description":"Gaasihind.ee pakub Sulle erapooletut ja s\u00f5ltumatut v\u00f5rdlust maagaasi turul tegutsevate gaasim\u00fc\u00fcjate vahel.","breadcrumb":{"@id":"https:\/\/gaasihind.ee\/meist\/#breadcrumb"},"inLanguage":"ru-RU","potentialAction":[{"@type":"ReadAction","target":["https:\/\/gaasihind.ee\/meist\/"]}]},{"@type":"ImageObject","inLanguage":"ru-RU","@id":"https:\/\/gaasihind.ee\/meist\/#primaryimage","url":"http:\/\/elektrihind.ee\/assets\/logo_text_big.png","contentUrl":"http:\/\/elektrihind.ee\/assets\/logo_text_big.png"},{"@type":"BreadcrumbList","@id":"https:\/\/gaasihind.ee\/meist\/#breadcrumb","itemListElement":[{"@type":"ListItem","position":1,"name":"Home","item":"https:\/\/gaasihind.ee\/"},{"@type":"ListItem","position":2,"name":"Meist"}]},{"@type":"WebSite","@id":"https:\/\/gaasihind.ee\/#website","url":"https:\/\/gaasihind.ee\/","name":"Gaasihind.ee - \u0421\u0440\u0430\u0432\u043d\u0438\u0442\u0435 \u0446\u0435\u043d\u044b \u043d\u0430 \u0433\u0430\u0437 \u0437\u0434\u0435\u0441\u044c","description":"\u0421\u0440\u0430\u0432\u043d\u0438\u0442\u0435 \u0446\u0435\u043d\u044b \u043d\u0430 \u0433\u0430\u0437 \u0437\u0434\u0435\u0441\u044c.","potentialAction":[{"@type":"SearchAction","target":{"@type":"EntryPoint","urlTemplate":"https:\/\/gaasihind.ee\/?s={search_term_string}"},"query-input":{"@type":"PropertyValueSpecification","valueRequired":true,"valueName":"search_term_string"}}],"inLanguage":"ru-RU"}]}},"_links":{"self":[{"href":"https:\/\/gaasihind.ee\/ru\/wp-json\/wp\/v2\/pages\/47","targetHints":{"allow":["GET"]}}],"collection":[{"href":"https:\/\/gaasihind.ee\/ru\/wp-json\/wp\/v2\/pages"}],"about":[{"href":"https:\/\/gaasihind.ee\/ru\/wp-json\/wp\/v2\/types\/page"}],"author":[{"embeddable":true,"href":"https:\/\/gaasihind.ee\/ru\/wp-json\/wp\/v2\/users\/1"}],"replies":[{"embeddable":true,"href":"https:\/\/gaasihind.ee\/ru\/wp-json\/wp\/v2\/comments?post=47"}],"version-history":[{"count":24,"href":"https:\/\/gaasihind.ee\/ru\/wp-json\/wp\/v2\/pages\/47\/revisions"}],"predecessor-version":[{"id":656,"href":"https:\/\/gaasihind.ee\/ru\/wp-json\/wp\/v2\/pages\/47\/revisions\/656"}],"wp:attachment":[{"href":"https:\/\/gaasihind.ee\/ru\/wp-json\/wp\/v2\/media?parent=47"}],"curies":[{"name":"wp","href":"https:\/\/api.w.org\/{rel}","templated":true}]}}