{"id":44,"date":"2015-08-05T18:06:51","date_gmt":"2015-08-05T15:06:51","guid":{"rendered":"http:\/\/test.elektrihind.ee\/?page_id=44"},"modified":"2024-03-25T13:52:03","modified_gmt":"2024-03-25T11:52:03","slug":"kasutustingimused","status":"publish","type":"page","link":"https:\/\/gaasihind.ee\/ru\/kasutustingimused\/","title":{"rendered":"\u0423\u0441\u043b\u043e\u0432\u0438\u044f \u043f\u043e\u043b\u044c\u0437\u043e\u0432\u0430\u043d\u0438\u044f (ee)"},"content":{"rendered":"<p><strong>Kasutus- ja privaatsustingimused<\/strong><\/p>\n<p>K\u00e4esolevad kasutus- ja privaatsustingimused kirjeldavad, kuidas Elektrihind.ee\/Gaasihind.ee (ettev\u00f5te: Go O\u00dc, registrikood 16055598; edaspidi Portaal) t\u00f6\u00f6tlevad teie isikuandmeid ja mis on Portaali kasutustingimused.<\/p>\n<p><strong>Kasutustingimused<\/strong><\/p>\n<p>Portaali kasutamisega kinnitab kasutaja, et on k\u00e4esolevate tingimustega tutvunud, neist aru saanud ning aktsepteerib neid t\u00e4ielikult.<\/p>\n<p>Portaalis olev info kogutakse avalikest allikatest. Kuigi Portaal on teinud omalt poolt k\u00f5ik v\u00f5imaliku, et Portaalis olev hinnainfo ja muud tingimused oleks t\u00e4psed ja t\u00e4ielikud, ei garanteeri Portaal informatsiooni \u00f5igsust ega vastuta sellise informatsiooni kasutamisest tekkivate v\u00f5imalike tagaj\u00e4rgede eest.<\/p>\n<p>Portaali sisu on kasutamiseks p\u00f5him\u00f5ttel \u201cnagu on\u201d ja indikatiivne ning ei ole juriidiliselt Portaalile v\u00f5i ka elektrim\u00fc\u00fcjatele siduv. Portaal ei anna mingeid garantiisid Portaali ega sellel leiduva info sisu kohta.<\/p>\n<p>Portaali info, sealhulgas kujundus ja tarkvara kuulub Portaalile-le ning seda v\u00f5ib kasutada ainult kokkuleppel. Kirjutage meile aadressil kiri@elektrihind.ee.<\/p>\n<p><strong>Milliseid isikuandmeid kogume ning mida me nendega teeme? <\/strong><\/p>\n<p>Portaal t\u00f6\u00f6tleb isikuandmeid oma \u00f5igustatud huvi alusel j\u00e4rgnevatel eesm\u00e4rkidel:<\/p>\n<ol>\n<li>isiku kontaktandmeid (e-posti aadress) kasutatakse kliendile Portaali teadete ja uudiste edastamiseks ja teenuste pakkumiseks.<\/li>\n<li>kasutaja IP-aadressi v\u00f5i teisi v\u00f5rguidentifikaatoreid t\u00f6\u00f6deldakse veebikasutusstatistika tegemiseks.<\/li>\n<\/ol>\n<p><strong>Kellele me teie isikuandmeid edastame?<\/strong><\/p>\n<p>Teie poolt meile avaldatud isikuandmeid avaldame kolmandatele isikutele \u00fcksnes juhul, kui see on meie teenuste osutamiseks v\u00e4ltimatult vajalik. See t\u00e4hendab, et kasutame oma tegevuses koost\u00f6\u00f6partnereid, kellele avaldame teie isikuandmed Portaal tegevuse ja teenuste osutamisega ja\/v\u00f5i meie turundustegevusega seotud eesm\u00e4rkidel. Muudel eesm\u00e4rkidel teie isikuandmeid kolmandatele isikutele ei edastata. K\u00f5ik kolmandad isikud, kellele me teie isikuandmeid edastame, v\u00f5ivad vastavaid isikuandmeid kasutada ja t\u00f6\u00f6delda \u00fcksnes k\u00e4esolevas privaatsuspoliitikas m\u00e4rgitud eesm\u00e4rkidel ja viisil.<\/p>\n<p>Portaaliga seotud teadete ja uudiste edastamiseks edastame e-posti aadressid meie koost\u00f6\u00f6partnerile Pepipost (Pepipost Ltd, IE596541, Trinity house, Charleston Road, Ranelagh, Dublin 6, D06 C8X4), kes hoiab andmeid oma Euroopa ja Aasia serveris. Pepiposti poolt isikuandmete t\u00f6\u00f6tlemise turvalisus on tagatud Euroopa Liidu kasutatava Privacy Shield andmekaitseraamistiku abil.<\/p>\n<p>Lisaks eeltoodule v\u00f5ime edastada teie isikuandmeid kolmandatele isikutele juhul, kui see on vajalik meie seadusest tuleneva kohustuse t\u00e4itmiseks v\u00f5i \u00f5iguse teostamiseks.<\/p>\n<p><strong>Millal isikuandmed kustutatakse?<\/strong><\/p>\n<p>Portaal liikmete isikuandmeid t\u00f6\u00f6deldakse kuni isiku v\u00e4ljaastumiseni- v\u00f5i arvamiseni Portaalst. Seej\u00e4rel s\u00e4ilitatakse andmeid selle kohta kas ja millal on isik Portaali kuulunud.<\/p>\n<p><strong>Kuidas kasutame k\u00fcpsiseid?<\/strong><\/p>\n<p>Juhime teie t\u00e4helepanu asjaolule, et kasutame oma \u00f5igustatud huvi alusel Portaal veebilehel k\u00fcpsiseid (cookies). K\u00fcpsis on v\u00e4ike tekstifail, mille veebileht salvestab teie arvutisse v\u00f5i mobiiliseadmesse, kui te veebilehte k\u00fclastate. K\u00fcpsised annavad meile<\/p>\n<p>statistilist teavet, mis aitavad anal\u00fc\u00fcsida meie veebilehe k\u00fclastajate k\u00e4itumismustreid ning kasutada seda turunduses. N\u00e4iteks salvestame k\u00fcpsiste abil teie poolt kasutatud seadme IP-aadressi, mis v\u00f5imaldab meil hiljem teile l\u00e4bi Google\u2019i ja Facebooki oma teenuseid ja pakkumisi tutvustada.<\/p>\n<p>Veebilehel kasutatakse j\u00e4rgnevaid k\u00fcpsiseid:<\/p>\n<table>\n<tbody>\n<tr>\n<td width=\"301\">Nimi<\/td>\n<td width=\"301\">K\u00fcpsise \u00fclesanne \/ eesm\u00e4rk<\/td>\n<\/tr>\n<tr>\n<td width=\"301\">Google Analytics<\/td>\n<td width=\"301\">Anal\u00fc\u00fctiline k\u00fcpsis, millega kogutakse anal\u00fc\u00fctilisi andmeid veebilehe k\u00fclastajate\u00a0 kohta.\u00a0\u00a0 Andmeid\u00a0 v\u00f5idakse kasutada\u00a0\u00a0\u00a0\u00a0\u00a0 ka\u00a0 reklaami suunamiseks Google\u2019i reklaamiv\u00f5rgustikus.<\/td>\n<\/tr>\n<tr>\n<td width=\"301\">Facebook Pixel<\/td>\n<td width=\"301\">K\u00fcpsis reklaamide suunamiseks ja tulemuste j\u00e4lgimiseks Facebookis.<\/td>\n<\/tr>\n<tr>\n<td width=\"301\">Google\u00a0 Tag<\/p>\n<p>Manager<\/td>\n<td width=\"301\">K\u00fcpsis, mille kaudu hallatakse veebilehele paigaldatavaid k\u00fcpsiseid.<\/td>\n<\/tr>\n<\/tbody>\n<\/table>\n<p>Veebilehel kasutatavad k\u00fcpsised jagunevad sessiooni- ja p\u00fcsik\u00fcpsisteks. Sessioonik\u00fcpsised kustutatakse automaatselt peale iga veebik\u00fclastust, p\u00fcsik\u00fcpsiseid s\u00e4ilitatakse kuni 2 aastat.<\/p>\n<p>Interneti kasutajana saate ise keelata v\u00f5i piirata k\u00fcpsiste salvestumist oma seadmesse ning kustutada ka k\u00f5ik k\u00fcpsised, mis seni on arvutisse salvestunud. Selleks tuleb teil muuta oma isiklikke veebilehitseja privaatsusseadeid.<\/p>\n<p><strong>Kuidas teostada oma isikuandmete t\u00f6\u00f6tlemisega seotud \u00f5iguseid?<\/strong><\/p>\n<p>Kui soovite:<\/p>\n<ul>\n<li>tutvuda oma isikuandmetega, mida Portaal oma tegevuse raames t\u00f6\u00f6tlevad,<\/li>\n<li>oma eba\u00f5igete ja\/v\u00f5i aegunud isikuandmete parandamist ja\/v\u00f5i t\u00e4iendamist,<\/li>\n<li>oma isikuandmete kustutamist ja\/v\u00f5i t\u00f6\u00f6tlemise piiramist v\u00f5i l\u00f5petamist ja avalikustatud isikuandmete kustutamist, kui edasine t\u00f6\u00f6tlemine ei ole kohalduva \u00f5iguse alusel lubatud, v\u00f5i esitada isikuandmete t\u00f6\u00f6tlemisele vastuv\u00e4iteid,<\/li>\n<li>n\u00f5uda kohalduva \u00f5igusega koosk\u00f5las andmete \u00fcleandmist teisele vastutavale t\u00f6\u00f6tlejale,<\/li>\n<li>esitada meie poolt teie isikuandmete t\u00f6\u00f6tlemisele vastuv\u00e4iteid v\u00f5i<\/li>\n<li>avaldada meile muid teie isikuandmete t\u00f6\u00f6tlemisega seotud soove v\u00f5i taotlusi v\u00f5i kui vajate selle kohta t\u00e4iendavat informatsiooni,<\/li>\n<\/ul>\n<p>palun p\u00f6\u00f6rduge meie poole e-posti teel aadressil kiri@elektrihind.ee<\/p>\n<p>Kui leiate, et oleme teie isikuandmeid t\u00f6\u00f6delnud \u00f5igusvastaselt v\u00f5i oleme teie isikuandmete t\u00f6\u00f6tlemisega seotud \u00f5igusi rikkunud, siis palume teil sellest meile kindlasti eeltoodud e-posti aadressil teada anda. Samuti on teil \u00f5igus p\u00f6\u00f6rduda sellisel juhul kaebusega Eesti Andmekaitse Inspektsiooni poole.<\/p>\n<p><strong>Kuidas tagame teie isikuandmete turvalisuse?<\/strong><\/p>\n<p>Portaal hoiab ja t\u00f6\u00f6tleb teie isikuandmeid digitaalselt ja f\u00fc\u00fcsiliselt turvalistes serverites. K\u00f5ikidele meie ja meie koost\u00f6\u00f6partnerite poolt t\u00f6\u00f6deldavatele isikuandmetele p\u00e4\u00e4sevad juurde \u00fcksnes meie t\u00f6\u00f6tajad ja meie koost\u00f6\u00f6partnerite t\u00f6\u00f6tajad, kes vajavad neid andmeid k\u00e4esolevas privaatsuspoliitikas s\u00e4testatud eesm\u00e4rkidega seotud t\u00f6\u00f6kohustuste t\u00e4itmiseks ning kellel on kohustus j\u00e4rgida andmete t\u00f6\u00f6tlemisel isikuandmete kaitset reguleerivates \u00f5igusaktides ja k\u00e4esolevas privaatsuspoliitikas s\u00e4testatud n\u00f5udeid.<\/p>\n<p><strong>Privaatsuspoliitika muutmine<\/strong><\/p>\n<p>K\u00e4esolev privaatsuspoliitika on avaldatud Portaali veebilehel ja on kehtiv alates 25.05.2018. Privaatsuspoliitika muutmisel j\u00f5ustuvad muudatused ja t\u00e4iendused uue versiooni avaldamisel meie veebilehel.<\/p>\n","protected":false},"excerpt":{"rendered":"<p>Kasutus- ja privaatsustingimused K\u00e4esolevad kasutus- ja privaatsustingimused kirjeldavad, kuidas Elektrihind.ee\/Gaasihind.ee (ettev\u00f5te: Go O\u00dc, registrikood 16055598; edaspidi Portaal) t\u00f6\u00f6tlevad teie isikuandmeid ja mis on Portaali kasutustingimused. Kasutustingimused Portaali kasutamisega kinnitab kasutaja, et on k\u00e4esolevate tingimustega tutvunud, neist aru saanud ning aktsepteerib neid t\u00e4ielikult. Portaalis olev info kogutakse avalikest allikatest. Kuigi Portaal on teinud omalt poolt k\u00f5ik&#8230; <a class=\"moretag\" href=\"https:\/\/gaasihind.ee\/ru\/kasutustingimused\/\">Loe edasi &raquo;<\/a><\/p>\n","protected":false},"author":1,"featured_media":0,"parent":0,"menu_order":0,"comment_status":"open","ping_status":"open","template":"","meta":{"footnotes":""},"class_list":["post-44","page","type-page","status-publish","hentry"],"translation":{"provider":"WPGlobus","version":"3.0.2","language":"ru","enabled_languages":["et","ru"],"languages":{"et":{"title":true,"content":true,"excerpt":false},"ru":{"title":true,"content":true,"excerpt":false}}},"yoast_head":"<!-- This site is optimized with the Yoast SEO plugin v27.5 - https:\/\/yoast.com\/product\/yoast-seo-wordpress\/ -->\n<title>\u0423\u0441\u043b\u043e\u0432\u0438\u044f \u043f\u043e\u043b\u044c\u0437\u043e\u0432\u0430\u043d\u0438\u044f (ee) - Gaasihind.ee - \u0421\u0440\u0430\u0432\u043d\u0438\u0442\u0435 \u0446\u0435\u043d\u044b \u043d\u0430 \u0433\u0430\u0437 \u0437\u0434\u0435\u0441\u044c<\/title>\n<meta name=\"robots\" content=\"index, follow, max-snippet:-1, max-image-preview:large, max-video-preview:-1\" \/>\n<link rel=\"canonical\" href=\"https:\/\/gaasihind.ee\/kasutustingimused\/\" \/>\n<meta property=\"og:locale\" content=\"ru_RU\" \/>\n<meta property=\"og:type\" content=\"article\" \/>\n<meta property=\"og:title\" content=\"\u0423\u0441\u043b\u043e\u0432\u0438\u044f \u043f\u043e\u043b\u044c\u0437\u043e\u0432\u0430\u043d\u0438\u044f (ee) - Gaasihind.ee - \u0421\u0440\u0430\u0432\u043d\u0438\u0442\u0435 \u0446\u0435\u043d\u044b \u043d\u0430 \u0433\u0430\u0437 \u0437\u0434\u0435\u0441\u044c\" \/>\n<meta property=\"og:url\" content=\"https:\/\/gaasihind.ee\/kasutustingimused\/\" \/>\n<meta property=\"og:site_name\" content=\"Gaasihind.ee - \u0421\u0440\u0430\u0432\u043d\u0438\u0442\u0435 \u0446\u0435\u043d\u044b \u043d\u0430 \u0433\u0430\u0437 \u0437\u0434\u0435\u0441\u044c\" \/>\n<meta property=\"article:modified_time\" content=\"2024-03-25T11:52:03+00:00\" \/>\n<meta name=\"twitter:card\" content=\"summary_large_image\" \/>\n<meta name=\"twitter:label1\" content=\"Est. reading time\" \/>\n\t<meta name=\"twitter:data1\" content=\"9 minutes\" \/>\n<script type=\"application\/ld+json\" class=\"yoast-schema-graph\">{\"@context\":\"https:\\\/\\\/schema.org\",\"@graph\":[{\"@type\":\"WebPage\",\"@id\":\"https:\\\/\\\/gaasihind.ee\\\/kasutustingimused\\\/\",\"url\":\"https:\\\/\\\/gaasihind.ee\\\/kasutustingimused\\\/\",\"name\":\"\u0423\u0441\u043b\u043e\u0432\u0438\u044f \u043f\u043e\u043b\u044c\u0437\u043e\u0432\u0430\u043d\u0438\u044f (ee) - Gaasihind.ee - \u0421\u0440\u0430\u0432\u043d\u0438\u0442\u0435 \u0446\u0435\u043d\u044b \u043d\u0430 \u0433\u0430\u0437 \u0437\u0434\u0435\u0441\u044c\",\"isPartOf\":{\"@id\":\"https:\\\/\\\/gaasihind.ee\\\/#website\"},\"datePublished\":\"2015-08-05T15:06:51+00:00\",\"dateModified\":\"2024-03-25T11:52:03+00:00\",\"description\":\"Loe l\u00e4hemalt, millised on Gaasihind.ee kasutustingimused ning kuidas sinu andmeid t\u00f6\u00f6tleme.\",\"breadcrumb\":{\"@id\":\"https:\\\/\\\/gaasihind.ee\\\/kasutustingimused\\\/#breadcrumb\"},\"inLanguage\":\"ru-RU\",\"potentialAction\":[{\"@type\":\"ReadAction\",\"target\":[\"https:\\\/\\\/gaasihind.ee\\\/kasutustingimused\\\/\"]}]},{\"@type\":\"BreadcrumbList\",\"@id\":\"https:\\\/\\\/gaasihind.ee\\\/kasutustingimused\\\/#breadcrumb\",\"itemListElement\":[{\"@type\":\"ListItem\",\"position\":1,\"name\":\"Home\",\"item\":\"https:\\\/\\\/gaasihind.ee\\\/\"},{\"@type\":\"ListItem\",\"position\":2,\"name\":\"Kasutus- ja privaatsustingimused\"}]},{\"@type\":\"WebSite\",\"@id\":\"https:\\\/\\\/gaasihind.ee\\\/#website\",\"url\":\"https:\\\/\\\/gaasihind.ee\\\/\",\"name\":\"Gaasihind.ee - \u0421\u0440\u0430\u0432\u043d\u0438\u0442\u0435 \u0446\u0435\u043d\u044b \u043d\u0430 \u0433\u0430\u0437 \u0437\u0434\u0435\u0441\u044c\",\"description\":\"\u0421\u0440\u0430\u0432\u043d\u0438\u0442\u0435 \u0446\u0435\u043d\u044b \u043d\u0430 \u0433\u0430\u0437 \u0437\u0434\u0435\u0441\u044c.\",\"potentialAction\":[{\"@type\":\"SearchAction\",\"target\":{\"@type\":\"EntryPoint\",\"urlTemplate\":\"https:\\\/\\\/gaasihind.ee\\\/?s={search_term_string}\"},\"query-input\":{\"@type\":\"PropertyValueSpecification\",\"valueRequired\":true,\"valueName\":\"search_term_string\"}}],\"inLanguage\":\"ru-RU\"}]}<\/script>\n<!-- \/ Yoast SEO plugin. -->","yoast_head_json":{"title":"\u0423\u0441\u043b\u043e\u0432\u0438\u044f \u043f\u043e\u043b\u044c\u0437\u043e\u0432\u0430\u043d\u0438\u044f (ee) - Gaasihind.ee - \u0421\u0440\u0430\u0432\u043d\u0438\u0442\u0435 \u0446\u0435\u043d\u044b \u043d\u0430 \u0433\u0430\u0437 \u0437\u0434\u0435\u0441\u044c","robots":{"index":"index","follow":"follow","max-snippet":"max-snippet:-1","max-image-preview":"max-image-preview:large","max-video-preview":"max-video-preview:-1"},"canonical":"https:\/\/gaasihind.ee\/kasutustingimused\/","og_locale":"ru_RU","og_type":"article","og_title":"\u0423\u0441\u043b\u043e\u0432\u0438\u044f \u043f\u043e\u043b\u044c\u0437\u043e\u0432\u0430\u043d\u0438\u044f (ee) - Gaasihind.ee - \u0421\u0440\u0430\u0432\u043d\u0438\u0442\u0435 \u0446\u0435\u043d\u044b \u043d\u0430 \u0433\u0430\u0437 \u0437\u0434\u0435\u0441\u044c","og_url":"https:\/\/gaasihind.ee\/kasutustingimused\/","og_site_name":"Gaasihind.ee - \u0421\u0440\u0430\u0432\u043d\u0438\u0442\u0435 \u0446\u0435\u043d\u044b \u043d\u0430 \u0433\u0430\u0437 \u0437\u0434\u0435\u0441\u044c","article_modified_time":"2024-03-25T11:52:03+00:00","twitter_card":"summary_large_image","twitter_misc":{"Est. reading time":"9 minutes"},"schema":{"@context":"https:\/\/schema.org","@graph":[{"@type":"WebPage","@id":"https:\/\/gaasihind.ee\/kasutustingimused\/","url":"https:\/\/gaasihind.ee\/kasutustingimused\/","name":"\u0423\u0441\u043b\u043e\u0432\u0438\u044f \u043f\u043e\u043b\u044c\u0437\u043e\u0432\u0430\u043d\u0438\u044f (ee) - Gaasihind.ee - \u0421\u0440\u0430\u0432\u043d\u0438\u0442\u0435 \u0446\u0435\u043d\u044b \u043d\u0430 \u0433\u0430\u0437 \u0437\u0434\u0435\u0441\u044c","isPartOf":{"@id":"https:\/\/gaasihind.ee\/#website"},"datePublished":"2015-08-05T15:06:51+00:00","dateModified":"2024-03-25T11:52:03+00:00","description":"Loe l\u00e4hemalt, millised on Gaasihind.ee kasutustingimused ning kuidas sinu andmeid t\u00f6\u00f6tleme.","breadcrumb":{"@id":"https:\/\/gaasihind.ee\/kasutustingimused\/#breadcrumb"},"inLanguage":"ru-RU","potentialAction":[{"@type":"ReadAction","target":["https:\/\/gaasihind.ee\/kasutustingimused\/"]}]},{"@type":"BreadcrumbList","@id":"https:\/\/gaasihind.ee\/kasutustingimused\/#breadcrumb","itemListElement":[{"@type":"ListItem","position":1,"name":"Home","item":"https:\/\/gaasihind.ee\/"},{"@type":"ListItem","position":2,"name":"Kasutus- ja privaatsustingimused"}]},{"@type":"WebSite","@id":"https:\/\/gaasihind.ee\/#website","url":"https:\/\/gaasihind.ee\/","name":"Gaasihind.ee - \u0421\u0440\u0430\u0432\u043d\u0438\u0442\u0435 \u0446\u0435\u043d\u044b \u043d\u0430 \u0433\u0430\u0437 \u0437\u0434\u0435\u0441\u044c","description":"\u0421\u0440\u0430\u0432\u043d\u0438\u0442\u0435 \u0446\u0435\u043d\u044b \u043d\u0430 \u0433\u0430\u0437 \u0437\u0434\u0435\u0441\u044c.","potentialAction":[{"@type":"SearchAction","target":{"@type":"EntryPoint","urlTemplate":"https:\/\/gaasihind.ee\/?s={search_term_string}"},"query-input":{"@type":"PropertyValueSpecification","valueRequired":true,"valueName":"search_term_string"}}],"inLanguage":"ru-RU"}]}},"_links":{"self":[{"href":"https:\/\/gaasihind.ee\/ru\/wp-json\/wp\/v2\/pages\/44","targetHints":{"allow":["GET"]}}],"collection":[{"href":"https:\/\/gaasihind.ee\/ru\/wp-json\/wp\/v2\/pages"}],"about":[{"href":"https:\/\/gaasihind.ee\/ru\/wp-json\/wp\/v2\/types\/page"}],"author":[{"embeddable":true,"href":"https:\/\/gaasihind.ee\/ru\/wp-json\/wp\/v2\/users\/1"}],"replies":[{"embeddable":true,"href":"https:\/\/gaasihind.ee\/ru\/wp-json\/wp\/v2\/comments?post=44"}],"version-history":[{"count":11,"href":"https:\/\/gaasihind.ee\/ru\/wp-json\/wp\/v2\/pages\/44\/revisions"}],"predecessor-version":[{"id":585,"href":"https:\/\/gaasihind.ee\/ru\/wp-json\/wp\/v2\/pages\/44\/revisions\/585"}],"wp:attachment":[{"href":"https:\/\/gaasihind.ee\/ru\/wp-json\/wp\/v2\/media?parent=44"}],"curies":[{"name":"wp","href":"https:\/\/api.w.org\/{rel}","templated":true}]}}