{"id":230,"date":"2016-04-11T22:49:47","date_gmt":"2016-04-11T19:49:47","guid":{"rendered":"http:\/\/elektrihind.ee\/?page_id=230"},"modified":"2024-03-25T13:51:12","modified_gmt":"2024-03-25T11:51:12","slug":"gaasimuujad","status":"publish","type":"page","link":"https:\/\/gaasihind.ee\/ru\/gaasimuujad\/","title":{"rendered":"\u041f\u0440\u043e\u0434\u0430\u0432\u0446\u044b \u044d\u043b\u0435\u043a\u0442\u0440\u043e\u044d\u043d\u0435\u0440\u0433\u0438\u0438"},"content":{"rendered":"","protected":false},"excerpt":{"rendered":"","protected":false},"author":1,"featured_media":0,"parent":0,"menu_order":0,"comment_status":"closed","ping_status":"closed","template":"tpl-providers.php","meta":{"footnotes":""},"class_list":["post-230","page","type-page","status-publish","hentry"],"translation":{"provider":"WPGlobus","version":"3.0.2","language":"ru","enabled_languages":["et","ru"],"languages":{"et":{"title":true,"content":false,"excerpt":false},"ru":{"title":true,"content":false,"excerpt":false}}},"yoast_head":"<!-- This site is optimized with the Yoast SEO plugin v27.4 - https:\/\/yoast.com\/product\/yoast-seo-wordpress\/ -->\n<title>\u041f\u0440\u043e\u0434\u0430\u0432\u0446\u044b \u044d\u043b\u0435\u043a\u0442\u0440\u043e\u044d\u043d\u0435\u0440\u0433\u0438\u0438 - Gaasihind.ee - \u0421\u0440\u0430\u0432\u043d\u0438\u0442\u0435 \u0446\u0435\u043d\u044b \u043d\u0430 \u0433\u0430\u0437 \u0437\u0434\u0435\u0441\u044c<\/title>\n<meta name=\"robots\" content=\"index, follow, max-snippet:-1, max-image-preview:large, max-video-preview:-1\" \/>\n<link rel=\"canonical\" href=\"https:\/\/gaasihind.ee\/gaasimuujad\/\" \/>\n<meta property=\"og:locale\" content=\"ru_RU\" \/>\n<meta property=\"og:type\" content=\"article\" \/>\n<meta property=\"og:title\" content=\"\u041f\u0440\u043e\u0434\u0430\u0432\u0446\u044b \u044d\u043b\u0435\u043a\u0442\u0440\u043e\u044d\u043d\u0435\u0440\u0433\u0438\u0438 - Gaasihind.ee - \u0421\u0440\u0430\u0432\u043d\u0438\u0442\u0435 \u0446\u0435\u043d\u044b \u043d\u0430 \u0433\u0430\u0437 \u0437\u0434\u0435\u0441\u044c\" \/>\n<meta property=\"og:url\" content=\"https:\/\/gaasihind.ee\/gaasimuujad\/\" \/>\n<meta property=\"og:site_name\" content=\"Gaasihind.ee - \u0421\u0440\u0430\u0432\u043d\u0438\u0442\u0435 \u0446\u0435\u043d\u044b \u043d\u0430 \u0433\u0430\u0437 \u0437\u0434\u0435\u0441\u044c\" \/>\n<meta property=\"article:modified_time\" content=\"2024-03-25T11:51:12+00:00\" \/>\n<meta name=\"twitter:card\" content=\"summary_large_image\" \/>\n<script type=\"application\/ld+json\" class=\"yoast-schema-graph\">{\"@context\":\"https:\\\/\\\/schema.org\",\"@graph\":[{\"@type\":\"WebPage\",\"@id\":\"https:\\\/\\\/gaasihind.ee\\\/gaasimuujad\\\/\",\"url\":\"https:\\\/\\\/gaasihind.ee\\\/gaasimuujad\\\/\",\"name\":\"\u041f\u0440\u043e\u0434\u0430\u0432\u0446\u044b \u044d\u043b\u0435\u043a\u0442\u0440\u043e\u044d\u043d\u0435\u0440\u0433\u0438\u0438 - Gaasihind.ee - \u0421\u0440\u0430\u0432\u043d\u0438\u0442\u0435 \u0446\u0435\u043d\u044b \u043d\u0430 \u0433\u0430\u0437 \u0437\u0434\u0435\u0441\u044c\",\"isPartOf\":{\"@id\":\"https:\\\/\\\/gaasihind.ee\\\/#website\"},\"datePublished\":\"2016-04-11T19:49:47+00:00\",\"dateModified\":\"2024-03-25T11:51:12+00:00\",\"description\":\"Info gaasim\u00fc\u00fcjatest, kelle pakette saad v\u00f5rdlusportaalis Gaasihind.ee tasuta v\u00f5rrelda.\",\"breadcrumb\":{\"@id\":\"https:\\\/\\\/gaasihind.ee\\\/gaasimuujad\\\/#breadcrumb\"},\"inLanguage\":\"ru-RU\",\"potentialAction\":[{\"@type\":\"ReadAction\",\"target\":[\"https:\\\/\\\/gaasihind.ee\\\/gaasimuujad\\\/\"]}]},{\"@type\":\"BreadcrumbList\",\"@id\":\"https:\\\/\\\/gaasihind.ee\\\/gaasimuujad\\\/#breadcrumb\",\"itemListElement\":[{\"@type\":\"ListItem\",\"position\":1,\"name\":\"Home\",\"item\":\"https:\\\/\\\/gaasihind.ee\\\/\"},{\"@type\":\"ListItem\",\"position\":2,\"name\":\"Gaasim\u00fc\u00fcjad\"}]},{\"@type\":\"WebSite\",\"@id\":\"https:\\\/\\\/gaasihind.ee\\\/#website\",\"url\":\"https:\\\/\\\/gaasihind.ee\\\/\",\"name\":\"Gaasihind.ee - \u0421\u0440\u0430\u0432\u043d\u0438\u0442\u0435 \u0446\u0435\u043d\u044b \u043d\u0430 \u0433\u0430\u0437 \u0437\u0434\u0435\u0441\u044c\",\"description\":\"\u0421\u0440\u0430\u0432\u043d\u0438\u0442\u0435 \u0446\u0435\u043d\u044b \u043d\u0430 \u0433\u0430\u0437 \u0437\u0434\u0435\u0441\u044c.\",\"potentialAction\":[{\"@type\":\"SearchAction\",\"target\":{\"@type\":\"EntryPoint\",\"urlTemplate\":\"https:\\\/\\\/gaasihind.ee\\\/?s={search_term_string}\"},\"query-input\":{\"@type\":\"PropertyValueSpecification\",\"valueRequired\":true,\"valueName\":\"search_term_string\"}}],\"inLanguage\":\"ru-RU\"}]}<\/script>\n<!-- \/ Yoast SEO plugin. -->","yoast_head_json":{"title":"\u041f\u0440\u043e\u0434\u0430\u0432\u0446\u044b \u044d\u043b\u0435\u043a\u0442\u0440\u043e\u044d\u043d\u0435\u0440\u0433\u0438\u0438 - Gaasihind.ee - \u0421\u0440\u0430\u0432\u043d\u0438\u0442\u0435 \u0446\u0435\u043d\u044b \u043d\u0430 \u0433\u0430\u0437 \u0437\u0434\u0435\u0441\u044c","robots":{"index":"index","follow":"follow","max-snippet":"max-snippet:-1","max-image-preview":"max-image-preview:large","max-video-preview":"max-video-preview:-1"},"canonical":"https:\/\/gaasihind.ee\/gaasimuujad\/","og_locale":"ru_RU","og_type":"article","og_title":"\u041f\u0440\u043e\u0434\u0430\u0432\u0446\u044b \u044d\u043b\u0435\u043a\u0442\u0440\u043e\u044d\u043d\u0435\u0440\u0433\u0438\u0438 - Gaasihind.ee - \u0421\u0440\u0430\u0432\u043d\u0438\u0442\u0435 \u0446\u0435\u043d\u044b \u043d\u0430 \u0433\u0430\u0437 \u0437\u0434\u0435\u0441\u044c","og_url":"https:\/\/gaasihind.ee\/gaasimuujad\/","og_site_name":"Gaasihind.ee - \u0421\u0440\u0430\u0432\u043d\u0438\u0442\u0435 \u0446\u0435\u043d\u044b \u043d\u0430 \u0433\u0430\u0437 \u0437\u0434\u0435\u0441\u044c","article_modified_time":"2024-03-25T11:51:12+00:00","twitter_card":"summary_large_image","schema":{"@context":"https:\/\/schema.org","@graph":[{"@type":"WebPage","@id":"https:\/\/gaasihind.ee\/gaasimuujad\/","url":"https:\/\/gaasihind.ee\/gaasimuujad\/","name":"\u041f\u0440\u043e\u0434\u0430\u0432\u0446\u044b \u044d\u043b\u0435\u043a\u0442\u0440\u043e\u044d\u043d\u0435\u0440\u0433\u0438\u0438 - Gaasihind.ee - \u0421\u0440\u0430\u0432\u043d\u0438\u0442\u0435 \u0446\u0435\u043d\u044b \u043d\u0430 \u0433\u0430\u0437 \u0437\u0434\u0435\u0441\u044c","isPartOf":{"@id":"https:\/\/gaasihind.ee\/#website"},"datePublished":"2016-04-11T19:49:47+00:00","dateModified":"2024-03-25T11:51:12+00:00","description":"Info gaasim\u00fc\u00fcjatest, kelle pakette saad v\u00f5rdlusportaalis Gaasihind.ee tasuta v\u00f5rrelda.","breadcrumb":{"@id":"https:\/\/gaasihind.ee\/gaasimuujad\/#breadcrumb"},"inLanguage":"ru-RU","potentialAction":[{"@type":"ReadAction","target":["https:\/\/gaasihind.ee\/gaasimuujad\/"]}]},{"@type":"BreadcrumbList","@id":"https:\/\/gaasihind.ee\/gaasimuujad\/#breadcrumb","itemListElement":[{"@type":"ListItem","position":1,"name":"Home","item":"https:\/\/gaasihind.ee\/"},{"@type":"ListItem","position":2,"name":"Gaasim\u00fc\u00fcjad"}]},{"@type":"WebSite","@id":"https:\/\/gaasihind.ee\/#website","url":"https:\/\/gaasihind.ee\/","name":"Gaasihind.ee - \u0421\u0440\u0430\u0432\u043d\u0438\u0442\u0435 \u0446\u0435\u043d\u044b \u043d\u0430 \u0433\u0430\u0437 \u0437\u0434\u0435\u0441\u044c","description":"\u0421\u0440\u0430\u0432\u043d\u0438\u0442\u0435 \u0446\u0435\u043d\u044b \u043d\u0430 \u0433\u0430\u0437 \u0437\u0434\u0435\u0441\u044c.","potentialAction":[{"@type":"SearchAction","target":{"@type":"EntryPoint","urlTemplate":"https:\/\/gaasihind.ee\/?s={search_term_string}"},"query-input":{"@type":"PropertyValueSpecification","valueRequired":true,"valueName":"search_term_string"}}],"inLanguage":"ru-RU"}]}},"_links":{"self":[{"href":"https:\/\/gaasihind.ee\/ru\/wp-json\/wp\/v2\/pages\/230","targetHints":{"allow":["GET"]}}],"collection":[{"href":"https:\/\/gaasihind.ee\/ru\/wp-json\/wp\/v2\/pages"}],"about":[{"href":"https:\/\/gaasihind.ee\/ru\/wp-json\/wp\/v2\/types\/page"}],"author":[{"embeddable":true,"href":"https:\/\/gaasihind.ee\/ru\/wp-json\/wp\/v2\/users\/1"}],"replies":[{"embeddable":true,"href":"https:\/\/gaasihind.ee\/ru\/wp-json\/wp\/v2\/comments?post=230"}],"version-history":[{"count":3,"href":"https:\/\/gaasihind.ee\/ru\/wp-json\/wp\/v2\/pages\/230\/revisions"}],"predecessor-version":[{"id":410,"href":"https:\/\/gaasihind.ee\/ru\/wp-json\/wp\/v2\/pages\/230\/revisions\/410"}],"wp:attachment":[{"href":"https:\/\/gaasihind.ee\/ru\/wp-json\/wp\/v2\/media?parent=230"}],"curies":[{"name":"wp","href":"https:\/\/api.w.org\/{rel}","templated":true}]}}